{"id":783,"date":"2022-09-20T11:05:31","date_gmt":"2022-09-20T11:05:31","guid":{"rendered":"https:\/\/www.dogoteka.si\/product\/dogodol-2\/"},"modified":"2025-04-16T12:41:50","modified_gmt":"2025-04-16T12:41:50","slug":"dogodol","status":"publish","type":"product","link":"https:\/\/dogoteka.it\/en\/product\/dogodol\/","title":{"rendered":"DOGOdol\u00ae"},"content":{"rendered":"<ul class=\"ul-plus\">\n<li><img decoding=\"async\" data-src=\"..\/images\/layout\/plus-yellow-icon.png\" src=\"data:image\/svg+xml;base64,PHN2ZyB3aWR0aD0iMSIgaGVpZ2h0PSIxIiB4bWxucz0iaHR0cDovL3d3dy53My5vcmcvMjAwMC9zdmciPjwvc3ZnPg==\" class=\"lazyload\" \/><strong class=\"yellow\">Palmitoylethanolamide (PEA)<\/strong> &#8211; from a chemical point of view, PEA is the amide of palmitic acid with ethanolamine. It is an endogenous molecule that is particularly abundant in brain tissues. It is also present in many foods such as soy, tomatoes, eggs, peanuts, peas, etc. PEA is synthesized at the endogenous level, following stimuli capable of evoking an immune response; several studies have shown how endogenous levels of PEA can be altered following inflammatory processes. PEA is known for its antioxidant properties; at the cellular level this can translate into a neuroprotective effect.<\/li>\n<li><img decoding=\"async\" data-src=\"..\/images\/layout\/plus-yellow-icon.png\" src=\"data:image\/svg+xml;base64,PHN2ZyB3aWR0aD0iMSIgaGVpZ2h0PSIxIiB4bWxucz0iaHR0cDovL3d3dy53My5vcmcvMjAwMC9zdmciPjwvc3ZnPg==\" class=\"lazyload\" \/><strong class=\"yellow\">Unsaponifiable fraction of avocado and soy<\/strong> &#8211; avocado oil and soybean oil, like all oils, consist of a predominant component called &#8220;saponifiable fraction&#8221; consisting of triglycerides, diglycerides and monoglycerides and a component called &#8220;unsaponifiable fraction&#8221; consisting of a series of secondary compounds.<br \/>\nThe unsaponifiable fraction of an oil is the chemical component which, in contact with caustic soda, does not react, therefore remaining in solution. It is rich in different chemical constituents which vary according to the type of oil. In Avocado oil it represents about 2-12% of the oil and is mainly made up of phytosterols, terpenic alcohols, avocatins, volatile acids and fat-soluble vitamins, including vitamin E; in soybean oil it represents about 2% of the oil and consists mainly of soy lecithin and phytosterols. The set of these two fractions constitutes the ingredient ASU-Avovida\u00ae which has been the subject of several studies that have highlighted the health effects at both joint and muscle level, in particular they have highlighted a chondroprotective action, which seems to be associated with an increase in collagen synthesis in joint chondrocytes mainly due to phytosterols (Beta-Sitosterol, Beta-Sitosterologlucoside, Stigmasterol, Capesterol) which are among the major components of ASU-Avovida\u00ae.<\/li>\n<li><img decoding=\"async\" data-src=\"..\/images\/layout\/plus-yellow-icon.png\" src=\"data:image\/svg+xml;base64,PHN2ZyB3aWR0aD0iMSIgaGVpZ2h0PSIxIiB4bWxucz0iaHR0cDovL3d3dy53My5vcmcvMjAwMC9zdmciPjwvc3ZnPg==\" class=\"lazyload\" \/><strong class=\"yellow\">Spirea ulmaria<\/strong> &#8211; it is a perennial herbaceous plant belonging to the Rosaceae family. It grows spontaneously in humid mountainous and hilly areas, especially along watercourses. The flowering tops of this plant are mainly used, which are harvested in June-July, when flowering begins. At the beginning of the 19th century, salicylic acid was isolated for the first time from Spirea ulmaria, a precursor of the well-known &#8220;aspirin&#8221; produced synthetically and whose name derives from this plant.<br \/>\nPhytochemical analyzes have shown that the &#8220;Filipendula&#8221; species are particularly rich in polyphenols, including flavonoic glycosides and ellagitannins. In vitro studies have shown that the polyphenols of Spirea Ulmaria have antioxidant properties and are also able to inhibit the synthesis of various mediators of the immune response, such as eg. prostaglandin E2 (PGE2) and thromboxane B2 (TXB2).<\/li>\n<li><img decoding=\"async\" data-src=\"..\/images\/layout\/plus-yellow-icon.png\" src=\"data:image\/svg+xml;base64,PHN2ZyB3aWR0aD0iMSIgaGVpZ2h0PSIxIiB4bWxucz0iaHR0cDovL3d3dy53My5vcmcvMjAwMC9zdmciPjwvc3ZnPg==\" class=\"lazyload\" \/><strong class=\"yellow\">Phytosterols<\/strong> &#8211; phytosterols are plant sterols particularly abundant in vegetable oils, nuts, legumes, seeds, cereals, fresh fruit and vegetables. From a chemical point of view they are similar to cholesterol and therefore, by mimicking its structure, due to steric hindrance, they can reduce its absorption in the intestine by controlling its plasma levels. In the last 15 years, several studies have highlighted further equally important properties of phytosterols including a certain immunological activity. Their activity at the immune level seems to be mainly at the level of specific lymphocytes, or helper T lymphocytes (TH1 and TH2), helping to maintain normal functioning and therefore supporting specific immunity.<\/li>\n<li><img decoding=\"async\" data-src=\"..\/images\/layout\/plus-yellow-icon.png\" src=\"data:image\/svg+xml;base64,PHN2ZyB3aWR0aD0iMSIgaGVpZ2h0PSIxIiB4bWxucz0iaHR0cDovL3d3dy53My5vcmcvMjAwMC9zdmciPjwvc3ZnPg==\" class=\"lazyload\" \/><strong class=\"yellow\">Boswellia serrata Roxb. ex Colebr.: <\/strong> &#8211; olibanum extract: Boswellia serrata is a moderately to large branched tree of the Burseraceae family. It grows in arid mountainous areas of India, North Africa and the Middle East. The drug, or the part of the plant used, is the gum-oily resin that is taken by incision made on the trunk of the tree and which is then stored in a bamboo basket specially made to remove the oil and solidify the resin. Boswellia oleo-gum-resins contain about 30-60% of resin, 5-10% of essential oils and the rest is made up of polysaccharides. The resinous part of Boswellia serrata consists mainly of mono, di and triterpenes and pentacyclic triterpene acids such as \u03b2-boswellic acid, acetyl-\u03b2-boswellic acid, 11-keto-\u03b2-boswellic acid and acetyl-11-keto- \u03b2-boswellic. Studies in vitro and on animal models have shown that boswellic acids intervene by inhibiting the synthesis of some immune response mediators such as the 5-lipoxygenase enzyme and leukotrienes which promote free radical damage.<\/li>\n<li><img decoding=\"async\" data-src=\"..\/images\/layout\/plus-yellow-icon.png\" src=\"data:image\/svg+xml;base64,PHN2ZyB3aWR0aD0iMSIgaGVpZ2h0PSIxIiB4bWxucz0iaHR0cDovL3d3dy53My5vcmcvMjAwMC9zdmciPjwvc3ZnPg==\" class=\"lazyload\" \/><strong class=\"yellow\">Olea europaea L .<\/strong> &#8211; olive tree extract: The olive tree (Olea europea L.) is a fruit tree grown in many parts of the world, but the Mediterranean region is the main production area. The main product obtained from the olive tree is the oil extracted from the fruits, a fleshy ellipsoidal or ovoid drupe formed by a pulp that contains the oil and a woody and wrinkled stone. Olive oil is widely studied for its antioxidant power due to the large number of phenolic components. However, it is above all the olive leaves that contain the greatest quantity of these substances.<br \/>\nPhenolic compounds are products of the secondary metabolism of plants. In the case of the olive tree, they are a consequence of the reactivity to the attack of the pathogens and the response to the injuries of the insects. Five groups of phenolic compounds have been identified in the olive tree: oleuropeosides (oleuropein and verbascoside); flavones (luteolin-7-glucoside, apigenin-7-glucoside, diosmetina-7-glucoside, luteolin and diosmetina); flavonols (rutin); flavan-3-oils (catechin) and phenolic derivatives (tyrosol, hydroxytyrosol, vanillin, vanillic acid and caffeic acid). Phenolic compounds are known for their antioxidant properties or neutralizing free radicals. Free radicals are products that are generated by physiological chemical reactions that use oxygen and are highly reactive chemical species. When there is an excess production of these substances, oxidative damage can occur at the cellular level. This cellular damage is related to the increased risk of developing chronic diseases, therefore the intake of substances with antioxidant action is assumed to be useful to minimize oxidative damage.<\/li>\n<li><img decoding=\"async\" data-src=\"..\/images\/layout\/plus-yellow-icon.png\" src=\"data:image\/svg+xml;base64,PHN2ZyB3aWR0aD0iMSIgaGVpZ2h0PSIxIiB4bWxucz0iaHR0cDovL3d3dy53My5vcmcvMjAwMC9zdmciPjwvc3ZnPg==\" class=\"lazyload\" \/><strong class=\"yellow\">Vitamin C<\/strong> &#8211; is a water-soluble vitamin and is an essential ingredient, as it is not synthesized independently by different mammals. It is mainly found in foods of plant origin such as some fresh sour fruits (citrus fruits, pineapple, strawberries, cherries, etc.), fresh vegetables (lettuce, radicchio, spinach, etc.), fresh vegetables (broccoli, cabbage, tomatoes , peppers etc &#8230;) and tubers (potatoes). It is a powerful antioxidant and cofactor for a family of biosynthetic and gene-regulating enzymes. Vitamin C contributes to immune defense by supporting various cellular functions of both the innate and adaptive immune systems. It plays an important role as an epithelial barrier against pathogens and promotes the scavenging activity of the skin against oxygen radicals, thus potentially protecting against environmental oxidative stress. Vitamin C accumulates in phagocytic cells such as neutrophils and can enhance chemotaxis, phagocytosis and the generation of reactive oxygen species and ultimately microbial killing. It also intervenes in the mechanism of cellular apoptosis and in the elimination of exhausted neutrophils from the sites of infection by macrophages, thus reducing necrosis and potential tissue damage. The role of vitamin C at the level of specific or so-called adaptive immunity cells is less clear, but some studies have shown that vitamin C improves the differentiation and proliferation of B and T cells (specific immunity cells), probably a due to its gene regulatory effects. Vitamin C deficiencies can lead to reduced immunity. Supplementing with vitamin C can therefore be particularly indicated as a support to immune functions.<\/li>\n<\/ul>\n<p>&nbsp;<\/p>\n<p><strong>Bibliography<\/strong><br \/>\nPalmitoylethanolamide is a disease-modifying agent in peripheral neuropathy: pain relief and neuroprotection share a PPAR-alpha-mediated mechanism. Mediators Inflamm. 2013;2013:328797. -Di Cesare Mannelli L, D\u2019Agostino G, Pacini A, Russo R, Zanardelli M, Ghelardini C, Caligna\u00acno A.<\/p>\n<p>Neuroprotective activities of pal\u00ac157 mitoylethanolamide in an animal model of Parkinson\u2019s disease. PLoS One. 2012;7(8):e41880.<br \/>\nEsposito E, Impellizzeri D, Mazzon E, Paterniti I, Cuzzocrea S.<\/p>\n<p>Molecular evidence for the involvement of PPAR-\u03b4 and PPAR-\u03b3 in anti-inflammatory and neuroprotective ac\u00activities of palmitoylethanolamide after spinal cord trauma. J Neuroinflammation; 2013;10(1):20.<br \/>\nPaterniti I, Impellizzeri D, Crupi R, Morabito R, Campolo M, Esposito E, Cuzzocrea S.<\/p>\n<p>Palmitoylethanolamide controls reactive gliosis and exerts neuroprotective functions in a rat model of Alzheimer\u2019s disease.<br \/>\nC Scuderi, C Stecca, M Valenza, P Ratano, MR Bronzuoli, S Bartoli, L Steardo, E Pompili, L Fumagalli, P Campolongo and L Steardo<\/p>\n<p>Symptoms modifying effect of avocado\/soybean unsaponifiables (ASU) in knee osteoarthritis. A double blind, prospective, placebo-controlled study. Scand J Rheumatol 2001;30(4):242-247.<br \/>\nAppelboom, T., Schuermans, J., Verbruggen, G., Henrotin, Y., and Reginster, J. Y.<\/p>\n<p>The possible &#8220;chondroprotective&#8221; effect of the unsaponifiable constituents of avocado and soya in vivo. Drugs Exp.Clin.Res. 1998;24(1):41-50.<br \/>\nKhayyal, M. T. and el Ghazaly, M. A.<\/p>\n<p>Avocado soybean unsaponifiables (ASU) suppress TNF-alpha, IL-1beta, COX-2, iNOS gene expression, and prostaglandin E2 and nitric oxide production in articular chondrocytes and monocyte\/macrophages<br \/>\nR Y Au , T K Al-Talib, A Y Au, P V Phan, C G Frondoza<\/p>\n<p>Antioxidant, anti-inflammatory and gastroprotective activity of Filipendula ulmaria (L.) Maxim. and Filipendula vulgaris Moench<br \/>\nStevan Samard\u017ei\u0107, Jelena Arsenijevi\u0107, Dragana Bo\u017ei\u0107, Marina Milenkovi\u0107, Vele Te\u0161evi\u0107, Zoran Maksimovi\u0107<\/p>\n<p>Plant Sterols and Sterolins: A Review of Their Immune-Modulating Properties<br \/>\nPatrick J.D. Bouic, PhD and Johan H. Lamprecht, MD<\/p>\n<p>Boswellia Serrata, A Potential Antiinflammatory Agent: An Overview M. Z. SIDDIQUI*<br \/>\nProcessing and Product Development Division, Indian Institute of Natural Resins and Gums, Namkum, Ranchi-834 010, India<\/p>\n<p>Polyphenols benefits of olive leaf (Olea europaea L) to human health<br \/>\nPatricia Vogel, Isabel Kasper Machado, Juliano Garavaglia, Valdeni Terezinha Zani, Daiana de Souza and Simone Morelo Dal Bosco.<\/p>\n<p>Vitamin C and Immune Function<br \/>\nAnitra C Carr, Silvia Maggini<\/p>\n<p>The role of vitamin C in the treatment of pain: new insights<br \/>\nAnitra C Carr, Cate McCall<\/p>\n","protected":false},"excerpt":{"rendered":"<p>Dogodol\u00ae is a complementary feed for dogs and cats indicated for a neuroprotective action.<\/p>\n","protected":false},"featured_media":7758,"comment_status":"open","ping_status":"closed","template":"","meta":{"_acf_changed":false,"inline_featured_image":false,"_themeisle_gutenberg_block_has_review":false},"product_brand":[],"product_cat":[96,97],"product_tag":[],"class_list":{"0":"post-783","1":"product","2":"type-product","3":"status-publish","4":"has-post-thumbnail","6":"product_cat-cat","7":"product_cat-dog","9":"first","10":"instock","11":"taxable","12":"shipping-taxable","13":"purchasable","14":"product-type-simple"},"acf":[],"yoast_head":"<!-- This site is optimized with the Yoast SEO plugin v26.8 - https:\/\/yoast.com\/product\/yoast-seo-wordpress\/ -->\n<title>DOGOdol\u00ae - Dogoteka<\/title>\n<meta name=\"robots\" content=\"index, follow, max-snippet:-1, max-image-preview:large, max-video-preview:-1\" \/>\n<link rel=\"canonical\" href=\"https:\/\/dogoteka.it\/en\/product\/dogodol\/\" \/>\n<meta property=\"og:locale\" content=\"en_US\" \/>\n<meta property=\"og:type\" content=\"article\" \/>\n<meta property=\"og:title\" content=\"DOGOdol\u00ae - Dogoteka\" \/>\n<meta property=\"og:description\" content=\"Dogodol\u00ae is a complementary feed for dogs and cats indicated for a neuroprotective action.\" \/>\n<meta property=\"og:url\" content=\"https:\/\/dogoteka.it\/en\/product\/dogodol\/\" \/>\n<meta property=\"og:site_name\" content=\"Dogoteka\" \/>\n<meta property=\"article:modified_time\" content=\"2025-04-16T12:41:50+00:00\" \/>\n<meta property=\"og:image\" content=\"https:\/\/dogoteka.it\/wp-content\/uploads\/2022\/11\/DOGOdol-1-1365x2048-1.jpg\" \/>\n\t<meta property=\"og:image:width\" content=\"1365\" \/>\n\t<meta property=\"og:image:height\" content=\"2048\" \/>\n\t<meta property=\"og:image:type\" content=\"image\/jpeg\" \/>\n<meta name=\"twitter:card\" content=\"summary_large_image\" \/>\n<meta name=\"twitter:label1\" content=\"Est. reading time\" \/>\n\t<meta name=\"twitter:data1\" content=\"9 minutes\" \/>\n<script type=\"application\/ld+json\" class=\"yoast-schema-graph\">{\"@context\":\"https:\/\/schema.org\",\"@graph\":[{\"@type\":\"WebPage\",\"@id\":\"https:\/\/dogoteka.it\/en\/product\/dogodol\/\",\"url\":\"https:\/\/dogoteka.it\/en\/product\/dogodol\/\",\"name\":\"DOGOdol\u00ae - Dogoteka\",\"isPartOf\":{\"@id\":\"https:\/\/dogoteka.it\/en\/#website\"},\"primaryImageOfPage\":{\"@id\":\"https:\/\/dogoteka.it\/en\/product\/dogodol\/#primaryimage\"},\"image\":{\"@id\":\"https:\/\/dogoteka.it\/en\/product\/dogodol\/#primaryimage\"},\"thumbnailUrl\":\"https:\/\/dogoteka.it\/wp-content\/uploads\/2022\/11\/DOGOdol-1-1365x2048-1.jpg\",\"datePublished\":\"2022-09-20T11:05:31+00:00\",\"dateModified\":\"2025-04-16T12:41:50+00:00\",\"breadcrumb\":{\"@id\":\"https:\/\/dogoteka.it\/en\/product\/dogodol\/#breadcrumb\"},\"inLanguage\":\"en-US\",\"potentialAction\":[{\"@type\":\"ReadAction\",\"target\":[\"https:\/\/dogoteka.it\/en\/product\/dogodol\/\"]}]},{\"@type\":\"ImageObject\",\"inLanguage\":\"en-US\",\"@id\":\"https:\/\/dogoteka.it\/en\/product\/dogodol\/#primaryimage\",\"url\":\"https:\/\/dogoteka.it\/wp-content\/uploads\/2022\/11\/DOGOdol-1-1365x2048-1.jpg\",\"contentUrl\":\"https:\/\/dogoteka.it\/wp-content\/uploads\/2022\/11\/DOGOdol-1-1365x2048-1.jpg\",\"width\":1365,\"height\":2048},{\"@type\":\"BreadcrumbList\",\"@id\":\"https:\/\/dogoteka.it\/en\/product\/dogodol\/#breadcrumb\",\"itemListElement\":[{\"@type\":\"ListItem\",\"position\":1,\"name\":\"Home\",\"item\":\"https:\/\/dogoteka.it\/en\/\"},{\"@type\":\"ListItem\",\"position\":2,\"name\":\"Prodotti\",\"item\":\"https:\/\/dogoteka.it\/shop\/\"},{\"@type\":\"ListItem\",\"position\":3,\"name\":\"DOGOdol\u00ae\"}]},{\"@type\":\"WebSite\",\"@id\":\"https:\/\/dogoteka.it\/en\/#website\",\"url\":\"https:\/\/dogoteka.it\/en\/\",\"name\":\"Dogoteka\",\"description\":\"Dogoteka\",\"potentialAction\":[{\"@type\":\"SearchAction\",\"target\":{\"@type\":\"EntryPoint\",\"urlTemplate\":\"https:\/\/dogoteka.it\/en\/?s={search_term_string}\"},\"query-input\":{\"@type\":\"PropertyValueSpecification\",\"valueRequired\":true,\"valueName\":\"search_term_string\"}}],\"inLanguage\":\"en-US\"}]}<\/script>\n<!-- \/ Yoast SEO plugin. -->","yoast_head_json":{"title":"DOGOdol\u00ae - Dogoteka","robots":{"index":"index","follow":"follow","max-snippet":"max-snippet:-1","max-image-preview":"max-image-preview:large","max-video-preview":"max-video-preview:-1"},"canonical":"https:\/\/dogoteka.it\/en\/product\/dogodol\/","og_locale":"en_US","og_type":"article","og_title":"DOGOdol\u00ae - Dogoteka","og_description":"Dogodol\u00ae is a complementary feed for dogs and cats indicated for a neuroprotective action.","og_url":"https:\/\/dogoteka.it\/en\/product\/dogodol\/","og_site_name":"Dogoteka","article_modified_time":"2025-04-16T12:41:50+00:00","og_image":[{"width":1365,"height":2048,"url":"https:\/\/dogoteka.it\/wp-content\/uploads\/2022\/11\/DOGOdol-1-1365x2048-1.jpg","type":"image\/jpeg"}],"twitter_card":"summary_large_image","twitter_misc":{"Est. reading time":"9 minutes"},"schema":{"@context":"https:\/\/schema.org","@graph":[{"@type":"WebPage","@id":"https:\/\/dogoteka.it\/en\/product\/dogodol\/","url":"https:\/\/dogoteka.it\/en\/product\/dogodol\/","name":"DOGOdol\u00ae - Dogoteka","isPartOf":{"@id":"https:\/\/dogoteka.it\/en\/#website"},"primaryImageOfPage":{"@id":"https:\/\/dogoteka.it\/en\/product\/dogodol\/#primaryimage"},"image":{"@id":"https:\/\/dogoteka.it\/en\/product\/dogodol\/#primaryimage"},"thumbnailUrl":"https:\/\/dogoteka.it\/wp-content\/uploads\/2022\/11\/DOGOdol-1-1365x2048-1.jpg","datePublished":"2022-09-20T11:05:31+00:00","dateModified":"2025-04-16T12:41:50+00:00","breadcrumb":{"@id":"https:\/\/dogoteka.it\/en\/product\/dogodol\/#breadcrumb"},"inLanguage":"en-US","potentialAction":[{"@type":"ReadAction","target":["https:\/\/dogoteka.it\/en\/product\/dogodol\/"]}]},{"@type":"ImageObject","inLanguage":"en-US","@id":"https:\/\/dogoteka.it\/en\/product\/dogodol\/#primaryimage","url":"https:\/\/dogoteka.it\/wp-content\/uploads\/2022\/11\/DOGOdol-1-1365x2048-1.jpg","contentUrl":"https:\/\/dogoteka.it\/wp-content\/uploads\/2022\/11\/DOGOdol-1-1365x2048-1.jpg","width":1365,"height":2048},{"@type":"BreadcrumbList","@id":"https:\/\/dogoteka.it\/en\/product\/dogodol\/#breadcrumb","itemListElement":[{"@type":"ListItem","position":1,"name":"Home","item":"https:\/\/dogoteka.it\/en\/"},{"@type":"ListItem","position":2,"name":"Prodotti","item":"https:\/\/dogoteka.it\/shop\/"},{"@type":"ListItem","position":3,"name":"DOGOdol\u00ae"}]},{"@type":"WebSite","@id":"https:\/\/dogoteka.it\/en\/#website","url":"https:\/\/dogoteka.it\/en\/","name":"Dogoteka","description":"Dogoteka","potentialAction":[{"@type":"SearchAction","target":{"@type":"EntryPoint","urlTemplate":"https:\/\/dogoteka.it\/en\/?s={search_term_string}"},"query-input":{"@type":"PropertyValueSpecification","valueRequired":true,"valueName":"search_term_string"}}],"inLanguage":"en-US"}]}},"_links":{"self":[{"href":"https:\/\/dogoteka.it\/en\/wp-json\/wp\/v2\/product\/783","targetHints":{"allow":["GET"]}}],"collection":[{"href":"https:\/\/dogoteka.it\/en\/wp-json\/wp\/v2\/product"}],"about":[{"href":"https:\/\/dogoteka.it\/en\/wp-json\/wp\/v2\/types\/product"}],"replies":[{"embeddable":true,"href":"https:\/\/dogoteka.it\/en\/wp-json\/wp\/v2\/comments?post=783"}],"wp:featuredmedia":[{"embeddable":true,"href":"https:\/\/dogoteka.it\/en\/wp-json\/wp\/v2\/media\/7758"}],"wp:attachment":[{"href":"https:\/\/dogoteka.it\/en\/wp-json\/wp\/v2\/media?parent=783"}],"wp:term":[{"taxonomy":"product_brand","embeddable":true,"href":"https:\/\/dogoteka.it\/en\/wp-json\/wp\/v2\/product_brand?post=783"},{"taxonomy":"product_cat","embeddable":true,"href":"https:\/\/dogoteka.it\/en\/wp-json\/wp\/v2\/product_cat?post=783"},{"taxonomy":"product_tag","embeddable":true,"href":"https:\/\/dogoteka.it\/en\/wp-json\/wp\/v2\/product_tag?post=783"}],"curies":[{"name":"wp","href":"https:\/\/api.w.org\/{rel}","templated":true}]}}